{"id":2230,"date":"2025-10-21T16:24:02","date_gmt":"2025-10-21T14:24:02","guid":{"rendered":"https:\/\/www.templari.com\/haeufig-gestellte-fragen\/"},"modified":"2026-04-22T10:07:45","modified_gmt":"2026-04-22T08:07:45","slug":"haeufig-gestellte-fragen","status":"publish","type":"page","link":"http:\/\/www.templari.com\/de\/faq\/","title":{"rendered":"H\u00e4ufig gestellte Fragen"},"content":{"rendered":"[vc_row type=&#8220;full_width_background&#8220; full_screen_row_position=&#8220;middle&#8220; column_margin=&#8220;default&#8220; column_direction=&#8220;default&#8220; column_direction_tablet=&#8220;default&#8220; column_direction_phone=&#8220;default&#8220; scene_position=&#8220;center&#8220; top_padding=&#8220;180&#8243; bottom_padding=&#8220;135&#8243; top_padding_tablet=&#8220;100&#8243; bottom_padding_tablet=&#8220;70&#8243; text_color=&#8220;light&#8220; text_align=&#8220;left&#8220; row_border_radius=&#8220;none&#8220; row_border_radius_applies=&#8220;bg&#8220; overflow=&#8220;visible&#8220; enable_gradient=&#8220;true&#8220; color_overlay=&#8220;#485F7A&#8220; color_overlay_2=&#8220;#000000&#8243; overlay_strength=&#8220;1&#8243; gradient_direction=&#8220;top_to_bottom&#8220; shape_divider_position=&#8220;bottom&#8220; bg_image_animation=&#8220;none&#8220; gradient_type=&#8220;default&#8220; shape_type=&#8220;&#8220;][vc_column column_padding=&#8220;no-extra-padding&#8220; column_padding_tablet=&#8220;inherit&#8220; column_padding_phone=&#8220;inherit&#8220; column_padding_position=&#8220;all&#8220; column_element_direction_desktop=&#8220;default&#8220; column_element_spacing=&#8220;default&#8220; desktop_text_alignment=&#8220;default&#8220; tablet_text_alignment=&#8220;default&#8220; phone_text_alignment=&#8220;default&#8220; background_color_opacity=&#8220;1&#8243; background_hover_color_opacity=&#8220;1&#8243; column_backdrop_filter=&#8220;none&#8220; column_shadow=&#8220;none&#8220; column_border_radius=&#8220;none&#8220; column_link_target=&#8220;_self&#8220; column_position=&#8220;default&#8220; gradient_direction=&#8220;left_to_right&#8220; overlay_strength=&#8220;0.3&#8243; width=&#8220;1\/1&#8243; tablet_width_inherit=&#8220;default&#8220; animation_type=&#8220;default&#8220; bg_image_animation=&#8220;none&#8220; border_type=&#8220;simple&#8220; column_border_width=&#8220;none&#8220; column_border_style=&#8220;solid&#8220; column_padding_type=&#8220;default&#8220; gradient_type=&#8220;default&#8220;][vc_raw_html css=&#8220;&#8220; el_class=&#8220;bc__cont light&#8220;]W3dwc2VvX2JyZWFkY3J1bWJd[\/vc_raw_html][divider line_type=&#8220;No Line&#8220; custom_height=&#8220;60&#8243; custom_height_tablet=&#8220;70&#8243;][vc_row_inner column_margin=&#8220;none&#8220; column_direction=&#8220;default&#8220; column_direction_tablet=&#8220;default&#8220; column_direction_phone=&#8220;default&#8220; text_align=&#8220;center&#8220; row_position=&#8220;default&#8220; row_position_tablet=&#8220;inherit&#8220; row_position_phone=&#8220;inherit&#8220; overflow=&#8220;visible&#8220; pointer_events=&#8220;all&#8220;][vc_column_inner column_padding=&#8220;no-extra-padding&#8220; column_padding_tablet=&#8220;inherit&#8220; column_padding_phone=&#8220;inherit&#8220; column_padding_position=&#8220;all&#8220; column_element_direction_desktop=&#8220;default&#8220; column_element_spacing=&#8220;default&#8220; desktop_text_alignment=&#8220;default&#8220; tablet_text_alignment=&#8220;default&#8220; phone_text_alignment=&#8220;default&#8220; background_color_opacity=&#8220;1&#8243; background_hover_color_opacity=&#8220;1&#8243; column_backdrop_filter=&#8220;none&#8220; column_shadow=&#8220;none&#8220; column_border_radius=&#8220;none&#8220; column_link_target=&#8220;_self&#8220; overflow=&#8220;visible&#8220; gradient_direction=&#8220;left_to_right&#8220; overlay_strength=&#8220;0.3&#8243; width=&#8220;1\/1&#8243; tablet_width_inherit=&#8220;default&#8220; animation_type=&#8220;default&#8220; bg_image_animation=&#8220;none&#8220; border_type=&#8220;simple&#8220; column_border_width=&#8220;none&#8220; column_border_style=&#8220;solid&#8220;][nectar_responsive_text inherited_font_style=&#8220;default&#8220; font_size_desktop=&#8220;50&#8243; font_size_tablet=&#8220;32&#8243; font_line_height=&#8220;1.3&#8243; text_direction=&#8220;default&#8220; class_name=&#8220;nectar-inherit-h2&#8243;]\n<h1>H\u00e4ufig gestellte Fragen<\/h1>\n[\/nectar_responsive_text][divider line_type=&#8220;No Line&#8220; custom_height=&#8220;35&#8243; custom_height_tablet=&#8220;20&#8243;][nectar_responsive_text inherited_font_style=&#8220;default&#8220; font_size_desktop=&#8220;22&#8243; font_line_height=&#8220;1.3&#8243; max_width=&#8220;1100&#8243; text_direction=&#8220;default&#8220; font_size_tablet=&#8220;18&#8243; class_name=&#8220;rt__center&#8220;]Sie sind sich nicht sicher, welche W\u00e4rmepumpe Sie kaufen sollen, oder Sie ben\u00f6tigen eine spezielle Beratung? Unsere Experten sind f\u00fcr Sie da<\/p>\n[\/nectar_responsive_text][\/vc_column_inner][\/vc_row_inner][\/vc_column][\/vc_row][vc_row type=&#8220;in_container&#8220; full_screen_row_position=&#8220;middle&#8220; column_margin=&#8220;default&#8220; column_direction=&#8220;default&#8220; column_direction_tablet=&#8220;default&#8220; column_direction_phone=&#8220;default&#8220; scene_position=&#8220;center&#8220; bottom_padding=&#8220;100&#8243; bottom_padding_tablet=&#8220;80&#8243; text_color=&#8220;light&#8220; text_align=&#8220;left&#8220; row_border_radius=&#8220;none&#8220; row_border_radius_applies=&#8220;bg&#8220; overflow=&#8220;visible&#8220; class=&#8220;faq__cont&#8220; overlay_strength=&#8220;0.3&#8243; gradient_direction=&#8220;left_to_right&#8220; shape_divider_position=&#8220;bottom&#8220; bg_image_animation=&#8220;none&#8220; gradient_type=&#8220;default&#8220; shape_type=&#8220;&#8220;][vc_column column_padding=&#8220;no-extra-padding&#8220; column_padding_tablet=&#8220;inherit&#8220; column_padding_phone=&#8220;inherit&#8220; column_padding_position=&#8220;all&#8220; column_element_direction_desktop=&#8220;default&#8220; column_element_spacing=&#8220;default&#8220; desktop_text_alignment=&#8220;default&#8220; tablet_text_alignment=&#8220;default&#8220; phone_text_alignment=&#8220;default&#8220; background_color_opacity=&#8220;1&#8243; background_hover_color_opacity=&#8220;1&#8243; column_backdrop_filter=&#8220;none&#8220; column_shadow=&#8220;none&#8220; column_border_radius=&#8220;none&#8220; column_link_target=&#8220;_self&#8220; column_position=&#8220;default&#8220; gradient_direction=&#8220;left_to_right&#8220; overlay_strength=&#8220;0.3&#8243; width=&#8220;1\/1&#8243; tablet_width_inherit=&#8220;default&#8220; animation_type=&#8220;default&#8220; bg_image_animation=&#8220;none&#8220; border_type=&#8220;simple&#8220; column_border_width=&#8220;none&#8220; column_border_style=&#8220;solid&#8220;][toggles style=&#8220;minimal&#8220; accordion=&#8220;true&#8220; accordion_starting_functionality=&#8220;closed&#8220;][toggle color=&#8220;Default&#8220; heading_tag=&#8220;span&#8220; heading_tag_functionality=&#8220;change_html_tag&#8220; title=&#8220;Ich ben\u00f6tige technische Unterlagen&#8220;][vc_column_text css=&#8220;&#8220; text_direction=&#8220;default&#8220;]Um technische Informationen \u00fcber unsere Produkte zu erhalten, gehen Sie zum Abschnitt <a href=\"https:\/\/www.templari.com\/de\/dokumentation\/\" rel=\"noreferrer\" data-type=\"URL\">&#8222;Dokumentation&#8220;<\/a> und konsultieren Sie unseren technischen Katalog, die Benutzer- und Installationshandb\u00fccher und die Datenbl\u00e4tter der Templari-Produkte.[\/vc_column_text][\/toggle][toggle color=&#8220;Default&#8220; heading_tag=&#8220;span&#8220; heading_tag_functionality=&#8220;change_html_tag&#8220; title=&#8220;Ich ben\u00f6tige Informationen \u00fcber Ausbildungskurse&#8220;][vc_column_text css=&#8220;&#8220; text_direction=&#8220;default&#8220;]F\u00fcr weitere Informationen schreiben Sie eine E-Mail an <a href=\"mailto:info@templari.com\" target=\"_blank\" rel=\"noopener\">info@templari.com<\/a>[\/vc_column_text][\/toggle][toggle color=&#8220;Default&#8220; heading_tag=&#8220;span&#8220; heading_tag_functionality=&#8220;change_html_tag&#8220; title=&#8220;Ich muss ein Templari-Produkt kaufen&#8220;][vc_column_text css=&#8220;&#8220; text_direction=&#8220;default&#8220;]Gehen Sie zum <a href=\"https:\/\/www.templari.com\/rivenditori\/\" rel=\"noreferrer\">H\u00e4ndlerbereich<\/a>, um den n\u00e4chstgelegenen H\u00e4ndler zu kontaktieren.[\/vc_column_text][\/toggle][toggle color=&#8220;Default&#8220; heading_tag=&#8220;span&#8220; heading_tag_functionality=&#8220;change_html_tag&#8220; title=&#8220;Ich ben\u00f6tige Hilfe bei der Erkundung der Funktionen des Touchpanels&#8220;][vc_column_text css=&#8220;&#8220; text_direction=&#8220;default&#8220;]Besuchen Sie unseren <a href=\"https:\/\/www.youtube.com\/user\/VideoTemplari\" rel=\"noreferrer\" target=\"_blank\" rel=\"noopener\">YouTube-Kanal<\/a> oder gehen Sie in den Hilfebereich und sehen Sie sich Video-Tutorials an, in denen die verschiedenen Funktionen des Touchpanels erkl\u00e4rt werden.[\/vc_column_text][\/toggle][toggle color=&#8220;Default&#8220; heading_tag=&#8220;span&#8220; heading_tag_functionality=&#8220;change_html_tag&#8220; title=&#8220;Ich m\u00f6chte meine Bewerbung senden&#8220;][vc_column_text css=&#8220;&#8220; text_direction=&#8220;default&#8220;]Wenn Sie daran interessiert sind, mit uns zusammenzuarbeiten, gehen Sie zum Abschnitt &#8220; <a href=\"https:\/\/www.templari.com\/de\/arbeiten-sie-mit-uns\/\" rel=\"noreferrer\">Mit uns arbeiten&#8220;<\/a>, informieren Sie sich \u00fcber die offenen Stellen und senden Sie uns Ihren Lebenslauf.<\/p>\n<p>Wenn Sie sich initiativ bewerben m\u00f6chten, k\u00f6nnen Sie Ihren Lebenslauf an <a href=\"mailto:inviocv@templari.com\" target=\"_blank\" rel=\"noopener\">inviocv@templari.com<\/a> schicken.[\/vc_column_text][\/toggle][toggle color=&#8220;Default&#8220; heading_tag=&#8220;span&#8220; heading_tag_functionality=&#8220;change_html_tag&#8220; title=&#8220;Was ist der Unterschied zwischen einer Split-W\u00e4rmepumpe und einer Monoblock-W\u00e4rmepumpe?&#8220;][vc_column_text css=&#8220;&#8220; text_direction=&#8220;default&#8220;]Die Luft-Wasser-W\u00e4rmepumpen von Templari sind in Split- und Monoblock-Ausf\u00fchrung erh\u00e4ltlich, um unterschiedlichen Anforderungen gerecht zu werden.<\/p>\n<p>Die Split-Maschine besteht aus zwei Teilen, die durch K\u00e4lteleitungen verbunden sind:<\/p>\n<ul class=\"wp-block-list\">\n<li>das im Freien installierte Motor-Kondensator-Ger\u00e4t<\/li>\n<li>die in der Wohnung installierte Hydronikeinheit, innen<\/li>\n<\/ul>\n<p>Die Monoblock-Maschine wird im Au\u00dfenbereich installiert und ist \u00fcber isolierte Wasserleitungen von der Maschine zum Geb\u00e4ude mit dem Haussystem verbunden.<\/p>\n<p><strong>MONOBLOCK<\/strong><\/p>\n<ul class=\"wp-block-list\">\n<li>Hervorragend geeignet f\u00fcr die \u00dcberbr\u00fcckung gro\u00dfer Entfernungen zwischen der Maschine und der Heizungsanlage.<\/li>\n<li>Hervorragend geeignet f\u00fcr die Nachr\u00fcstung von Anlagen<\/li>\n<li>Gro\u00dfartig, weil die Installation einfacher ist<\/li>\n<\/ul>\n<p><strong>SPLIT<\/strong><\/p>\n<p>Perfekt f\u00fcr das Management von Heizung und K\u00fchlung in einer einzigen L\u00f6sung<\/p>\n<ul class=\"wp-block-list\">\n<li>Geeignet f\u00fcr 3-Wege-Ventile, die an Bord der Inneneinheit installiert sind<\/li>\n<li>Gut f\u00fcr alle, die maximale Leistung suchen;<\/li>\n<li>Besonders geeignet in sehr kalten Klimazonen.<\/li>\n<\/ul>\n[\/vc_column_text][\/toggle][toggle color=&#8220;Default&#8220; heading_tag=&#8220;span&#8220; heading_tag_functionality=&#8220;change_html_tag&#8220; title=&#8220;Welche Anreize kann ich in Anspruch nehmen, wenn ich in meinem Unternehmen den Heizkessel durch eine Templari W\u00e4rmepumpe ersetze?&#8220;][vc_column_text css=&#8220;&#8220; text_direction=&#8220;default&#8220;]Wenn Sie in Ihrem Unternehmen eine W\u00e4rmepumpe von Templari installieren und Ihr altes Heizungs-\/Klimasystem ersetzen, k\u00f6nnen Sie von wichtigen Steuererleichterungen profitieren, wie z. B. dem Conto Termico 2.0, das Anreize von bis zu 65 % f\u00fcr den Austausch herk\u00f6mmlicher Systeme durch W\u00e4rmepumpensysteme bietet.<\/p>\n<p>Weitere Informationen finden Sie im Abschnitt \u00fcber Anreize und die Einzelheiten.[\/vc_column_text][\/toggle][toggle color=&#8220;Default&#8220; heading_tag=&#8220;span&#8220; heading_tag_functionality=&#8220;change_html_tag&#8220; title=&#8220;Welche Anreize kann ich in Anspruch nehmen, wenn ich in meinem Haus den Heizkessel durch eine Templari W\u00e4rmepumpe ersetze?&#8220;][vc_column_text css=&#8220;&#8220; text_direction=&#8220;default&#8220;]Wenn Sie eine Templari W\u00e4rmepumpe in Ihrem Haus installieren, k\u00f6nnen Sie von wichtigen Steuerverg\u00fcnstigungen wie dem 110%igen Superbonus, dem Conto Termico 2.0 und dem 50%igen Steuerabzug profitieren.<\/p>\n<p>Weitere Informationen finden Sie im Abschnitt Anreize und Details.[\/vc_column_text][\/toggle][toggle color=&#8220;Default&#8220; heading_tag=&#8220;span&#8220; heading_tag_functionality=&#8220;change_html_tag&#8220; title=&#8220;Ich bin ein Dienstleistungszentrum und m\u00f6chte mich f\u00fcr eine Zusammenarbeit vorschlagen&#8220;][vc_column_text css=&#8220;&#8220; text_direction=&#8220;default&#8220;]Wenn Sie mit uns als Zentrum f\u00fcr technische Hilfe zusammenarbeiten m\u00f6chten, senden Sie bitte eine E-Mail an <a href=\"mailto:cat@templari.com\" target=\"_blank\" rel=\"noopener\">cat@templari.com<\/a>[\/vc_column_text][\/toggle][\/toggles][\/vc_column][\/vc_row]\n","protected":false},"excerpt":{"rendered":"<p>[vc_row type=&#8220;full_width_background&#8220; full_screen_row_position=&#8220;middle&#8220; column_margin=&#8220;default&#8220; column_direction=&#8220;default&#8220; column_direction_tablet=&#8220;default&#8220; column_direction_phone=&#8220;default&#8220; scene_position=&#8220;center&#8220; top_padding=&#8220;180&#8243; bottom_padding=&#8220;135&#8243; top_padding_tablet=&#8220;100&#8243; bottom_padding_tablet=&#8220;70&#8243; text_color=&#8220;light&#8220; text_align=&#8220;left&#8220; row_border_radius=&#8220;none&#8220; row_border_radius_applies=&#8220;bg&#8220; overflow=&#8220;visible&#8220; enable_gradient=&#8220;true&#8220; color_overlay=&#8220;#485F7A&#8220; color_overlay_2=&#8220;#000000&#8243; overlay_strength=&#8220;1&#8243; gradient_direction=&#8220;top_to_bottom&#8220; shape_divider_position=&#8220;bottom&#8220; bg_image_animation=&#8220;none&#8220; gradient_type=&#8220;default&#8220; shape_type=&#8220;&#8220;][vc_column column_padding=&#8220;no-extra-padding&#8220; column_padding_tablet=&#8220;inherit&#8220; column_padding_phone=&#8220;inherit&#8220; column_padding_position=&#8220;all&#8220;&#8230;<\/p>\n","protected":false},"author":2,"featured_media":0,"parent":0,"menu_order":0,"comment_status":"closed","ping_status":"closed","template":"","meta":{"_acf_changed":false,"footnotes":""},"class_list":["post-2230","page","type-page","status-publish"],"acf":[],"yoast_head":"<!-- This site is optimized with the Yoast SEO plugin v25.6 - https:\/\/yoast.com\/wordpress\/plugins\/seo\/ -->\n<title>FAQ W\u00e4rmepumpen und Photovoltaik | Templari<\/title>\n<meta name=\"description\" content=\"Lesen Sie die Templari FAQ: klare Antworten zu W\u00e4rmepumpen, Photovoltaik, F\u00f6rderungen und Installationen. Alles Wichtige in einem Bereich.\" \/>\n<meta name=\"robots\" content=\"index, follow, max-snippet:-1, max-image-preview:large, max-video-preview:-1\" \/>\n<link rel=\"canonical\" href=\"http:\/\/www.templari.com\/de\/faq\/\" \/>\n<meta property=\"og:locale\" content=\"de_DE\" \/>\n<meta property=\"og:type\" content=\"article\" \/>\n<meta property=\"og:title\" content=\"FAQ W\u00e4rmepumpen und Photovoltaik | Templari\" \/>\n<meta property=\"og:description\" content=\"Lesen Sie die Templari FAQ: klare Antworten zu W\u00e4rmepumpen, Photovoltaik, F\u00f6rderungen und Installationen. Alles Wichtige in einem Bereich.\" \/>\n<meta property=\"og:url\" content=\"http:\/\/www.templari.com\/de\/faq\/\" \/>\n<meta property=\"og:site_name\" content=\"Templari\" \/>\n<meta property=\"article:modified_time\" content=\"2026-04-22T08:07:45+00:00\" \/>\n<meta name=\"twitter:card\" content=\"summary_large_image\" \/>\n<meta name=\"twitter:label1\" content=\"Gesch\u00e4tzte Lesezeit\" \/>\n\t<meta name=\"twitter:data1\" content=\"2\u00a0Minuten\" \/>\n<script type=\"application\/ld+json\" class=\"yoast-schema-graph\">{\"@context\":\"https:\/\/schema.org\",\"@graph\":[{\"@type\":\"WebPage\",\"@id\":\"http:\/\/www.templari.com\/de\/faq\/\",\"url\":\"http:\/\/www.templari.com\/de\/faq\/\",\"name\":\"FAQ W\u00e4rmepumpen und Photovoltaik | Templari\",\"isPartOf\":{\"@id\":\"https:\/\/www.templari.com\/de\/#website\"},\"datePublished\":\"2025-10-21T14:24:02+00:00\",\"dateModified\":\"2026-04-22T08:07:45+00:00\",\"description\":\"Lesen Sie die Templari FAQ: klare Antworten zu W\u00e4rmepumpen, Photovoltaik, F\u00f6rderungen und Installationen. Alles Wichtige in einem Bereich.\",\"breadcrumb\":{\"@id\":\"http:\/\/www.templari.com\/de\/faq\/#breadcrumb\"},\"inLanguage\":\"de\",\"potentialAction\":[{\"@type\":\"ReadAction\",\"target\":[\"http:\/\/www.templari.com\/de\/faq\/\"]}]},{\"@type\":\"BreadcrumbList\",\"@id\":\"http:\/\/www.templari.com\/de\/faq\/#breadcrumb\",\"itemListElement\":[{\"@type\":\"ListItem\",\"position\":1,\"name\":\"Home\",\"item\":\"https:\/\/www.templari.com\/de\/\"},{\"@type\":\"ListItem\",\"position\":2,\"name\":\"H\u00e4ufig gestellte Fragen\"}]}]}<\/script>\n<!-- \/ Yoast SEO plugin. -->","yoast_head_json":{"title":"FAQ W\u00e4rmepumpen und Photovoltaik | Templari","description":"Lesen Sie die Templari FAQ: klare Antworten zu W\u00e4rmepumpen, Photovoltaik, F\u00f6rderungen und Installationen. Alles Wichtige in einem Bereich.","robots":{"index":"index","follow":"follow","max-snippet":"max-snippet:-1","max-image-preview":"max-image-preview:large","max-video-preview":"max-video-preview:-1"},"canonical":"http:\/\/www.templari.com\/de\/faq\/","og_locale":"de_DE","og_type":"article","og_title":"FAQ W\u00e4rmepumpen und Photovoltaik | Templari","og_description":"Lesen Sie die Templari FAQ: klare Antworten zu W\u00e4rmepumpen, Photovoltaik, F\u00f6rderungen und Installationen. Alles Wichtige in einem Bereich.","og_url":"http:\/\/www.templari.com\/de\/faq\/","og_site_name":"Templari","article_modified_time":"2026-04-22T08:07:45+00:00","twitter_card":"summary_large_image","twitter_misc":{"Gesch\u00e4tzte Lesezeit":"2\u00a0Minuten"},"schema":{"@context":"https:\/\/schema.org","@graph":[{"@type":"WebPage","@id":"http:\/\/www.templari.com\/de\/faq\/","url":"http:\/\/www.templari.com\/de\/faq\/","name":"FAQ W\u00e4rmepumpen und Photovoltaik | Templari","isPartOf":{"@id":"https:\/\/www.templari.com\/de\/#website"},"datePublished":"2025-10-21T14:24:02+00:00","dateModified":"2026-04-22T08:07:45+00:00","description":"Lesen Sie die Templari FAQ: klare Antworten zu W\u00e4rmepumpen, Photovoltaik, F\u00f6rderungen und Installationen. Alles Wichtige in einem Bereich.","breadcrumb":{"@id":"http:\/\/www.templari.com\/de\/faq\/#breadcrumb"},"inLanguage":"de","potentialAction":[{"@type":"ReadAction","target":["http:\/\/www.templari.com\/de\/faq\/"]}]},{"@type":"BreadcrumbList","@id":"http:\/\/www.templari.com\/de\/faq\/#breadcrumb","itemListElement":[{"@type":"ListItem","position":1,"name":"Home","item":"https:\/\/www.templari.com\/de\/"},{"@type":"ListItem","position":2,"name":"H\u00e4ufig gestellte Fragen"}]}]}},"_links":{"self":[{"href":"https:\/\/www.templari.com\/de\/wp-json\/wp\/v2\/pages\/2230","targetHints":{"allow":["GET"]}}],"collection":[{"href":"https:\/\/www.templari.com\/de\/wp-json\/wp\/v2\/pages"}],"about":[{"href":"https:\/\/www.templari.com\/de\/wp-json\/wp\/v2\/types\/page"}],"author":[{"embeddable":true,"href":"https:\/\/www.templari.com\/de\/wp-json\/wp\/v2\/users\/2"}],"replies":[{"embeddable":true,"href":"https:\/\/www.templari.com\/de\/wp-json\/wp\/v2\/comments?post=2230"}],"version-history":[{"count":3,"href":"https:\/\/www.templari.com\/de\/wp-json\/wp\/v2\/pages\/2230\/revisions"}],"predecessor-version":[{"id":3434,"href":"https:\/\/www.templari.com\/de\/wp-json\/wp\/v2\/pages\/2230\/revisions\/3434"}],"wp:attachment":[{"href":"https:\/\/www.templari.com\/de\/wp-json\/wp\/v2\/media?parent=2230"}],"curies":[{"name":"wp","href":"https:\/\/api.w.org\/{rel}","templated":true}]}}