{"id":2211,"date":"2025-10-23T14:23:15","date_gmt":"2025-10-23T12:23:15","guid":{"rendered":"https:\/\/www.templari.com\/nachrichten\/"},"modified":"2026-04-22T09:56:49","modified_gmt":"2026-04-22T07:56:49","slug":"nachrichten","status":"publish","type":"page","link":"http:\/\/www.templari.com\/de\/news\/","title":{"rendered":"Nachrichten"},"content":{"rendered":"[vc_row type=&#8220;full_width_background&#8220; full_screen_row_position=&#8220;middle&#8220; column_margin=&#8220;default&#8220; column_direction=&#8220;default&#8220; column_direction_tablet=&#8220;default&#8220; column_direction_phone=&#8220;default&#8220; scene_position=&#8220;center&#8220; top_padding=&#8220;180&#8243; bottom_padding=&#8220;135&#8243; top_padding_tablet=&#8220;100&#8243; bottom_padding_tablet=&#8220;70&#8243; text_color=&#8220;light&#8220; text_align=&#8220;left&#8220; row_border_radius=&#8220;none&#8220; row_border_radius_applies=&#8220;bg&#8220; overflow=&#8220;visible&#8220; enable_gradient=&#8220;true&#8220; color_overlay=&#8220;#485F7A&#8220; color_overlay_2=&#8220;#000000&#8243; overlay_strength=&#8220;1&#8243; gradient_direction=&#8220;top_to_bottom&#8220; shape_divider_position=&#8220;bottom&#8220; bg_image_animation=&#8220;none&#8220; gradient_type=&#8220;default&#8220; shape_type=&#8220;&#8220;][vc_column column_padding=&#8220;no-extra-padding&#8220; column_padding_tablet=&#8220;inherit&#8220; column_padding_phone=&#8220;inherit&#8220; column_padding_position=&#8220;all&#8220; column_element_direction_desktop=&#8220;default&#8220; column_element_spacing=&#8220;default&#8220; desktop_text_alignment=&#8220;default&#8220; tablet_text_alignment=&#8220;default&#8220; phone_text_alignment=&#8220;default&#8220; background_color_opacity=&#8220;1&#8243; background_hover_color_opacity=&#8220;1&#8243; column_backdrop_filter=&#8220;none&#8220; column_shadow=&#8220;none&#8220; column_border_radius=&#8220;none&#8220; column_link_target=&#8220;_self&#8220; column_position=&#8220;default&#8220; gradient_direction=&#8220;left_to_right&#8220; overlay_strength=&#8220;0.3&#8243; width=&#8220;1\/1&#8243; tablet_width_inherit=&#8220;default&#8220; animation_type=&#8220;default&#8220; bg_image_animation=&#8220;none&#8220; border_type=&#8220;simple&#8220; column_border_width=&#8220;none&#8220; column_border_style=&#8220;solid&#8220; column_padding_type=&#8220;default&#8220; gradient_type=&#8220;default&#8220;][vc_raw_html css=&#8220;&#8220; el_class=&#8220;bc__cont light&#8220;]W3dwc2VvX2JyZWFkY3J1bWJd[\/vc_raw_html][divider line_type=&#8220;No Line&#8220; custom_height=&#8220;60&#8243; custom_height_tablet=&#8220;70&#8243;][vc_row_inner column_margin=&#8220;none&#8220; column_direction=&#8220;default&#8220; column_direction_tablet=&#8220;default&#8220; column_direction_phone=&#8220;default&#8220; text_align=&#8220;center&#8220; row_position=&#8220;default&#8220; row_position_tablet=&#8220;inherit&#8220; row_position_phone=&#8220;inherit&#8220; overflow=&#8220;visible&#8220; pointer_events=&#8220;all&#8220;][vc_column_inner column_padding=&#8220;no-extra-padding&#8220; column_padding_tablet=&#8220;inherit&#8220; column_padding_phone=&#8220;inherit&#8220; column_padding_position=&#8220;all&#8220; column_element_direction_desktop=&#8220;default&#8220; column_element_spacing=&#8220;default&#8220; desktop_text_alignment=&#8220;default&#8220; tablet_text_alignment=&#8220;default&#8220; phone_text_alignment=&#8220;default&#8220; background_color_opacity=&#8220;1&#8243; background_hover_color_opacity=&#8220;1&#8243; column_backdrop_filter=&#8220;none&#8220; column_shadow=&#8220;none&#8220; column_border_radius=&#8220;none&#8220; column_link_target=&#8220;_self&#8220; overflow=&#8220;visible&#8220; gradient_direction=&#8220;left_to_right&#8220; overlay_strength=&#8220;0.3&#8243; width=&#8220;1\/1&#8243; tablet_width_inherit=&#8220;default&#8220; animation_type=&#8220;default&#8220; bg_image_animation=&#8220;none&#8220; border_type=&#8220;simple&#8220; column_border_width=&#8220;none&#8220; column_border_style=&#8220;solid&#8220;][nectar_responsive_text inherited_font_style=&#8220;default&#8220; font_size_desktop=&#8220;50&#8243; font_size_tablet=&#8220;32&#8243; font_line_height=&#8220;1.3&#8243; text_direction=&#8220;default&#8220; class_name=&#8220;nectar-inherit-h2&#8243;]\n<h1>Nachrichten<\/h1>\n[\/nectar_responsive_text][\/vc_column_inner][\/vc_row_inner][\/vc_column][\/vc_row][vc_row type=&#8220;in_container&#8220; full_screen_row_position=&#8220;middle&#8220; column_margin=&#8220;default&#8220; column_direction=&#8220;default&#8220; column_direction_tablet=&#8220;default&#8220; column_direction_phone=&#8220;default&#8220; scene_position=&#8220;center&#8220; bottom_padding=&#8220;100&#8243; bottom_padding_tablet=&#8220;80&#8243; text_color=&#8220;dark&#8220; text_align=&#8220;left&#8220; row_border_radius=&#8220;none&#8220; row_border_radius_applies=&#8220;bg&#8220; overflow=&#8220;visible&#8220; class=&#8220;blog__cont&#8220; overlay_strength=&#8220;0.3&#8243; gradient_direction=&#8220;left_to_right&#8220; shape_divider_position=&#8220;bottom&#8220; bg_image_animation=&#8220;none&#8220; gradient_type=&#8220;default&#8220; shape_type=&#8220;&#8220;][vc_column column_padding=&#8220;no-extra-padding&#8220; column_padding_tablet=&#8220;inherit&#8220; column_padding_phone=&#8220;inherit&#8220; column_padding_position=&#8220;all&#8220; column_element_direction_desktop=&#8220;default&#8220; column_element_spacing=&#8220;default&#8220; desktop_text_alignment=&#8220;default&#8220; tablet_text_alignment=&#8220;default&#8220; phone_text_alignment=&#8220;default&#8220; background_color_opacity=&#8220;1&#8243; background_hover_color_opacity=&#8220;1&#8243; column_backdrop_filter=&#8220;none&#8220; column_shadow=&#8220;none&#8220; column_border_radius=&#8220;none&#8220; column_link_target=&#8220;_self&#8220; column_position=&#8220;default&#8220; gradient_direction=&#8220;left_to_right&#8220; overlay_strength=&#8220;0.3&#8243; width=&#8220;1\/1&#8243; tablet_width_inherit=&#8220;default&#8220; animation_type=&#8220;default&#8220; bg_image_animation=&#8220;none&#8220; border_type=&#8220;simple&#8220; column_border_width=&#8220;none&#8220; column_border_style=&#8220;solid&#8220;][nectar_post_grid post_type=&#8220;post&#8220; blog_category=&#8220;news&#8220; blog_starting_category=&#8220;all&#8220; order=&#8220;DESC&#8220; orderby=&#8220;date&#8220; pagination=&#8220;none&#8220; columns=&#8220;4&#8243; columns_tablet=&#8220;default&#8220; columns_phone=&#8220;default&#8220; grid_item_spacing=&#8220;15px&#8220; grid_item_height=&#8220;30vh&#8220; image_size=&#8220;large&#8220; image_loading=&#8220;default&#8220; animation=&#8220;none&#8220; animation_stagger=&#8220;90&#8243; animation_easing=&#8220;default&#8220; heading_tag=&#8220;h3&#8243; heading_tag_render=&#8220;p&#8220; category_position=&#8220;default&#8220; additional_meta_size=&#8220;default&#8220; custom_fields_location=&#8220;before_post_meta&#8220; grid_style=&#8220;content_under_image&#8220; content_under_image_text_align=&#8220;left&#8220; text_color=&#8220;light&#8220; hover_effect=&#8220;zoom&#8220; border_radius=&#8220;none&#8220; posts_per_page=&#8220;-1&#8243; display_type=&#8220;grid&#8220;][\/vc_column][\/vc_row]\n","protected":false},"excerpt":{"rendered":"<p>[vc_row type=&#8220;full_width_background&#8220; full_screen_row_position=&#8220;middle&#8220; column_margin=&#8220;default&#8220; column_direction=&#8220;default&#8220; column_direction_tablet=&#8220;default&#8220; column_direction_phone=&#8220;default&#8220; scene_position=&#8220;center&#8220; top_padding=&#8220;180&#8243; bottom_padding=&#8220;135&#8243; top_padding_tablet=&#8220;100&#8243; bottom_padding_tablet=&#8220;70&#8243; text_color=&#8220;light&#8220; text_align=&#8220;left&#8220; row_border_radius=&#8220;none&#8220; row_border_radius_applies=&#8220;bg&#8220; overflow=&#8220;visible&#8220; enable_gradient=&#8220;true&#8220; color_overlay=&#8220;#485F7A&#8220; color_overlay_2=&#8220;#000000&#8243; overlay_strength=&#8220;1&#8243; gradient_direction=&#8220;top_to_bottom&#8220; shape_divider_position=&#8220;bottom&#8220; bg_image_animation=&#8220;none&#8220; gradient_type=&#8220;default&#8220; shape_type=&#8220;&#8220;][vc_column column_padding=&#8220;no-extra-padding&#8220; column_padding_tablet=&#8220;inherit&#8220; column_padding_phone=&#8220;inherit&#8220; column_padding_position=&#8220;all&#8220;&#8230;<\/p>\n","protected":false},"author":2,"featured_media":0,"parent":0,"menu_order":0,"comment_status":"closed","ping_status":"closed","template":"","meta":{"_acf_changed":false,"footnotes":""},"class_list":["post-2211","page","type-page","status-publish"],"acf":[],"yoast_head":"<!-- This site is optimized with the Yoast SEO plugin v25.6 - https:\/\/yoast.com\/wordpress\/plugins\/seo\/ -->\n<title>Neuigkeiten zu W\u00e4rmepumpen und Energiel\u00f6sungen | Templari<\/title>\n<meta name=\"description\" content=\"Neuigkeiten und Einblicke zu W\u00e4rmepumpen und Energiel\u00f6sungen: Innovation, Effizienz und Nachhaltigkeit f\u00fcr Industrieanlagen und Mehrfamilienh\u00e4user.\" \/>\n<meta name=\"robots\" content=\"index, follow, max-snippet:-1, max-image-preview:large, max-video-preview:-1\" \/>\n<link rel=\"canonical\" href=\"http:\/\/www.templari.com\/de\/news\/\" \/>\n<meta property=\"og:locale\" content=\"de_DE\" \/>\n<meta property=\"og:type\" content=\"article\" \/>\n<meta property=\"og:title\" content=\"Neuigkeiten zu W\u00e4rmepumpen und Energiel\u00f6sungen | Templari\" \/>\n<meta property=\"og:description\" content=\"Neuigkeiten und Einblicke zu W\u00e4rmepumpen und Energiel\u00f6sungen: Innovation, Effizienz und Nachhaltigkeit f\u00fcr Industrieanlagen und Mehrfamilienh\u00e4user.\" \/>\n<meta property=\"og:url\" content=\"http:\/\/www.templari.com\/de\/news\/\" \/>\n<meta property=\"og:site_name\" content=\"Templari\" \/>\n<meta property=\"article:modified_time\" content=\"2026-04-22T07:56:49+00:00\" \/>\n<meta name=\"twitter:card\" content=\"summary_large_image\" \/>\n<meta name=\"twitter:label1\" content=\"Gesch\u00e4tzte Lesezeit\" \/>\n\t<meta name=\"twitter:data1\" content=\"3\u00a0Minuten\" \/>\n<script type=\"application\/ld+json\" class=\"yoast-schema-graph\">{\"@context\":\"https:\/\/schema.org\",\"@graph\":[{\"@type\":\"WebPage\",\"@id\":\"http:\/\/www.templari.com\/de\/news\/\",\"url\":\"http:\/\/www.templari.com\/de\/news\/\",\"name\":\"Neuigkeiten zu W\u00e4rmepumpen und Energiel\u00f6sungen | Templari\",\"isPartOf\":{\"@id\":\"https:\/\/www.templari.com\/de\/#website\"},\"datePublished\":\"2025-10-23T12:23:15+00:00\",\"dateModified\":\"2026-04-22T07:56:49+00:00\",\"description\":\"Neuigkeiten und Einblicke zu W\u00e4rmepumpen und Energiel\u00f6sungen: Innovation, Effizienz und Nachhaltigkeit f\u00fcr Industrieanlagen und Mehrfamilienh\u00e4user.\",\"breadcrumb\":{\"@id\":\"http:\/\/www.templari.com\/de\/news\/#breadcrumb\"},\"inLanguage\":\"de\",\"potentialAction\":[{\"@type\":\"ReadAction\",\"target\":[\"http:\/\/www.templari.com\/de\/news\/\"]}]},{\"@type\":\"BreadcrumbList\",\"@id\":\"http:\/\/www.templari.com\/de\/news\/#breadcrumb\",\"itemListElement\":[{\"@type\":\"ListItem\",\"position\":1,\"name\":\"Home\",\"item\":\"https:\/\/www.templari.com\/de\/\"},{\"@type\":\"ListItem\",\"position\":2,\"name\":\"Nachrichten\"}]}]}<\/script>\n<!-- \/ Yoast SEO plugin. -->","yoast_head_json":{"title":"Neuigkeiten zu W\u00e4rmepumpen und Energiel\u00f6sungen | Templari","description":"Neuigkeiten und Einblicke zu W\u00e4rmepumpen und Energiel\u00f6sungen: Innovation, Effizienz und Nachhaltigkeit f\u00fcr Industrieanlagen und Mehrfamilienh\u00e4user.","robots":{"index":"index","follow":"follow","max-snippet":"max-snippet:-1","max-image-preview":"max-image-preview:large","max-video-preview":"max-video-preview:-1"},"canonical":"http:\/\/www.templari.com\/de\/news\/","og_locale":"de_DE","og_type":"article","og_title":"Neuigkeiten zu W\u00e4rmepumpen und Energiel\u00f6sungen | Templari","og_description":"Neuigkeiten und Einblicke zu W\u00e4rmepumpen und Energiel\u00f6sungen: Innovation, Effizienz und Nachhaltigkeit f\u00fcr Industrieanlagen und Mehrfamilienh\u00e4user.","og_url":"http:\/\/www.templari.com\/de\/news\/","og_site_name":"Templari","article_modified_time":"2026-04-22T07:56:49+00:00","twitter_card":"summary_large_image","twitter_misc":{"Gesch\u00e4tzte Lesezeit":"3\u00a0Minuten"},"schema":{"@context":"https:\/\/schema.org","@graph":[{"@type":"WebPage","@id":"http:\/\/www.templari.com\/de\/news\/","url":"http:\/\/www.templari.com\/de\/news\/","name":"Neuigkeiten zu W\u00e4rmepumpen und Energiel\u00f6sungen | Templari","isPartOf":{"@id":"https:\/\/www.templari.com\/de\/#website"},"datePublished":"2025-10-23T12:23:15+00:00","dateModified":"2026-04-22T07:56:49+00:00","description":"Neuigkeiten und Einblicke zu W\u00e4rmepumpen und Energiel\u00f6sungen: Innovation, Effizienz und Nachhaltigkeit f\u00fcr Industrieanlagen und Mehrfamilienh\u00e4user.","breadcrumb":{"@id":"http:\/\/www.templari.com\/de\/news\/#breadcrumb"},"inLanguage":"de","potentialAction":[{"@type":"ReadAction","target":["http:\/\/www.templari.com\/de\/news\/"]}]},{"@type":"BreadcrumbList","@id":"http:\/\/www.templari.com\/de\/news\/#breadcrumb","itemListElement":[{"@type":"ListItem","position":1,"name":"Home","item":"https:\/\/www.templari.com\/de\/"},{"@type":"ListItem","position":2,"name":"Nachrichten"}]}]}},"_links":{"self":[{"href":"https:\/\/www.templari.com\/de\/wp-json\/wp\/v2\/pages\/2211","targetHints":{"allow":["GET"]}}],"collection":[{"href":"https:\/\/www.templari.com\/de\/wp-json\/wp\/v2\/pages"}],"about":[{"href":"https:\/\/www.templari.com\/de\/wp-json\/wp\/v2\/types\/page"}],"author":[{"embeddable":true,"href":"https:\/\/www.templari.com\/de\/wp-json\/wp\/v2\/users\/2"}],"replies":[{"embeddable":true,"href":"https:\/\/www.templari.com\/de\/wp-json\/wp\/v2\/comments?post=2211"}],"version-history":[{"count":2,"href":"https:\/\/www.templari.com\/de\/wp-json\/wp\/v2\/pages\/2211\/revisions"}],"predecessor-version":[{"id":7808,"href":"https:\/\/www.templari.com\/de\/wp-json\/wp\/v2\/pages\/2211\/revisions\/7808"}],"wp:attachment":[{"href":"https:\/\/www.templari.com\/de\/wp-json\/wp\/v2\/media?parent=2211"}],"curies":[{"name":"wp","href":"https:\/\/api.w.org\/{rel}","templated":true}]}}