{"id":2195,"date":"2025-10-23T14:22:51","date_gmt":"2025-10-23T12:22:51","guid":{"rendered":"https:\/\/www.templari.com\/einzelhaendler\/"},"modified":"2026-04-22T09:06:47","modified_gmt":"2026-04-22T07:06:47","slug":"einzelhaendler","status":"publish","type":"page","link":"http:\/\/www.templari.com\/de\/templari-waermepumpen-haendler\/","title":{"rendered":"Einzelh\u00e4ndler"},"content":{"rendered":"","protected":false},"excerpt":{"rendered":"","protected":false},"author":2,"featured_media":0,"parent":0,"menu_order":0,"comment_status":"closed","ping_status":"closed","template":"template-rivenditori.php","meta":{"_acf_changed":false,"footnotes":""},"class_list":["post-2195","page","type-page","status-publish"],"acf":[],"yoast_head":"<!-- This site is optimized with the Yoast SEO plugin v25.6 - https:\/\/yoast.com\/wordpress\/plugins\/seo\/ -->\n<title>Templari W\u00e4rmepumpen H\u00e4ndler: Verkaufsstelle finden<\/title>\n<meta name=\"description\" content=\"Finden Sie den n\u00e4chstgelegenen Templari H\u00e4ndler. W\u00e4rmepumpen f\u00fcr Wohn- und Industriebereich mit garantierter Qualit\u00e4t und technischem Support.\" \/>\n<meta name=\"robots\" content=\"index, follow, max-snippet:-1, max-image-preview:large, max-video-preview:-1\" \/>\n<link rel=\"canonical\" href=\"http:\/\/www.templari.com\/de\/templari-waermepumpen-haendler\/\" \/>\n<meta property=\"og:locale\" content=\"de_DE\" \/>\n<meta property=\"og:type\" content=\"article\" \/>\n<meta property=\"og:title\" content=\"Templari W\u00e4rmepumpen H\u00e4ndler: Verkaufsstelle finden\" \/>\n<meta property=\"og:description\" content=\"Finden Sie den n\u00e4chstgelegenen Templari H\u00e4ndler. W\u00e4rmepumpen f\u00fcr Wohn- und Industriebereich mit garantierter Qualit\u00e4t und technischem Support.\" \/>\n<meta property=\"og:url\" content=\"http:\/\/www.templari.com\/de\/templari-waermepumpen-haendler\/\" \/>\n<meta property=\"og:site_name\" content=\"Templari\" \/>\n<meta property=\"article:modified_time\" content=\"2026-04-22T07:06:47+00:00\" \/>\n<meta name=\"twitter:card\" content=\"summary_large_image\" \/>\n<script type=\"application\/ld+json\" class=\"yoast-schema-graph\">{\"@context\":\"https:\/\/schema.org\",\"@graph\":[{\"@type\":\"WebPage\",\"@id\":\"http:\/\/www.templari.com\/de\/templari-waermepumpen-haendler\/\",\"url\":\"http:\/\/www.templari.com\/de\/templari-waermepumpen-haendler\/\",\"name\":\"Templari W\u00e4rmepumpen H\u00e4ndler: Verkaufsstelle finden\",\"isPartOf\":{\"@id\":\"https:\/\/www.templari.com\/de\/#website\"},\"datePublished\":\"2025-10-23T12:22:51+00:00\",\"dateModified\":\"2026-04-22T07:06:47+00:00\",\"description\":\"Finden Sie den n\u00e4chstgelegenen Templari H\u00e4ndler. W\u00e4rmepumpen f\u00fcr Wohn- und Industriebereich mit garantierter Qualit\u00e4t und technischem Support.\",\"breadcrumb\":{\"@id\":\"http:\/\/www.templari.com\/de\/templari-waermepumpen-haendler\/#breadcrumb\"},\"inLanguage\":\"de\",\"potentialAction\":[{\"@type\":\"ReadAction\",\"target\":[\"http:\/\/www.templari.com\/de\/templari-waermepumpen-haendler\/\"]}]},{\"@type\":\"BreadcrumbList\",\"@id\":\"http:\/\/www.templari.com\/de\/templari-waermepumpen-haendler\/#breadcrumb\",\"itemListElement\":[{\"@type\":\"ListItem\",\"position\":1,\"name\":\"Home\",\"item\":\"https:\/\/www.templari.com\/de\/\"},{\"@type\":\"ListItem\",\"position\":2,\"name\":\"Einzelh\u00e4ndler\"}]}]}<\/script>\n<!-- \/ Yoast SEO plugin. -->","yoast_head_json":{"title":"Templari W\u00e4rmepumpen H\u00e4ndler: Verkaufsstelle finden","description":"Finden Sie den n\u00e4chstgelegenen Templari H\u00e4ndler. W\u00e4rmepumpen f\u00fcr Wohn- und Industriebereich mit garantierter Qualit\u00e4t und technischem Support.","robots":{"index":"index","follow":"follow","max-snippet":"max-snippet:-1","max-image-preview":"max-image-preview:large","max-video-preview":"max-video-preview:-1"},"canonical":"http:\/\/www.templari.com\/de\/templari-waermepumpen-haendler\/","og_locale":"de_DE","og_type":"article","og_title":"Templari W\u00e4rmepumpen H\u00e4ndler: Verkaufsstelle finden","og_description":"Finden Sie den n\u00e4chstgelegenen Templari H\u00e4ndler. W\u00e4rmepumpen f\u00fcr Wohn- und Industriebereich mit garantierter Qualit\u00e4t und technischem Support.","og_url":"http:\/\/www.templari.com\/de\/templari-waermepumpen-haendler\/","og_site_name":"Templari","article_modified_time":"2026-04-22T07:06:47+00:00","twitter_card":"summary_large_image","schema":{"@context":"https:\/\/schema.org","@graph":[{"@type":"WebPage","@id":"http:\/\/www.templari.com\/de\/templari-waermepumpen-haendler\/","url":"http:\/\/www.templari.com\/de\/templari-waermepumpen-haendler\/","name":"Templari W\u00e4rmepumpen H\u00e4ndler: Verkaufsstelle finden","isPartOf":{"@id":"https:\/\/www.templari.com\/de\/#website"},"datePublished":"2025-10-23T12:22:51+00:00","dateModified":"2026-04-22T07:06:47+00:00","description":"Finden Sie den n\u00e4chstgelegenen Templari H\u00e4ndler. W\u00e4rmepumpen f\u00fcr Wohn- und Industriebereich mit garantierter Qualit\u00e4t und technischem Support.","breadcrumb":{"@id":"http:\/\/www.templari.com\/de\/templari-waermepumpen-haendler\/#breadcrumb"},"inLanguage":"de","potentialAction":[{"@type":"ReadAction","target":["http:\/\/www.templari.com\/de\/templari-waermepumpen-haendler\/"]}]},{"@type":"BreadcrumbList","@id":"http:\/\/www.templari.com\/de\/templari-waermepumpen-haendler\/#breadcrumb","itemListElement":[{"@type":"ListItem","position":1,"name":"Home","item":"https:\/\/www.templari.com\/de\/"},{"@type":"ListItem","position":2,"name":"Einzelh\u00e4ndler"}]}]}},"_links":{"self":[{"href":"https:\/\/www.templari.com\/de\/wp-json\/wp\/v2\/pages\/2195","targetHints":{"allow":["GET"]}}],"collection":[{"href":"https:\/\/www.templari.com\/de\/wp-json\/wp\/v2\/pages"}],"about":[{"href":"https:\/\/www.templari.com\/de\/wp-json\/wp\/v2\/types\/page"}],"author":[{"embeddable":true,"href":"https:\/\/www.templari.com\/de\/wp-json\/wp\/v2\/users\/2"}],"replies":[{"embeddable":true,"href":"https:\/\/www.templari.com\/de\/wp-json\/wp\/v2\/comments?post=2195"}],"version-history":[{"count":1,"href":"https:\/\/www.templari.com\/de\/wp-json\/wp\/v2\/pages\/2195\/revisions"}],"predecessor-version":[{"id":7783,"href":"https:\/\/www.templari.com\/de\/wp-json\/wp\/v2\/pages\/2195\/revisions\/7783"}],"wp:attachment":[{"href":"https:\/\/www.templari.com\/de\/wp-json\/wp\/v2\/media?parent=2195"}],"curies":[{"name":"wp","href":"https:\/\/api.w.org\/{rel}","templated":true}]}}